{"id":10851,"date":"2022-06-07T22:38:22","date_gmt":"2022-06-08T02:38:22","guid":{"rendered":"https:\/\/radiantimaginglabs.com\/anmeldung-zum-newsletter\/"},"modified":"2023-02-23T08:39:29","modified_gmt":"2023-02-23T13:39:29","slug":"anmeldung-zum-newsletter","status":"publish","type":"page","link":"https:\/\/radiantimaginglabs.com\/de\/anmeldung-zum-newsletter\/","title":{"rendered":"Anmeldung zum Newsletter"},"content":{"rendered":"\t\t<div data-elementor-type=\"wp-page\" data-elementor-id=\"10851\" class=\"elementor elementor-10851 elementor-144\" data-elementor-post-type=\"page\">\n\t\t\t\t\t\t<section class=\"elementor-section elementor-top-section elementor-element elementor-element-9c95df9 elementor-section-height-min-height elementor-section-content-middle elementor-reverse-tablet elementor-section-boxed elementor-section-height-default elementor-section-items-middle\" data-id=\"9c95df9\" data-element_type=\"section\" data-e-type=\"section\" data-settings=\"{&quot;jet_parallax_layout_list&quot;:[]}\">\n\t\t\t\t\t\t<div class=\"elementor-container elementor-column-gap-no\">\n\t\t\t\t\t<div class=\"elementor-column elementor-col-50 elementor-top-column elementor-element elementor-element-5095b99c\" data-id=\"5095b99c\" data-element_type=\"column\" data-e-type=\"column\">\n\t\t\t<div class=\"elementor-widget-wrap elementor-element-populated\">\n\t\t\t\t\t\t<div class=\"elementor-element elementor-element-17d07a3 elementor-widget elementor-widget-heading\" data-id=\"17d07a3\" data-element_type=\"widget\" data-e-type=\"widget\" data-widget_type=\"heading.default\">\n\t\t\t\t<div class=\"elementor-widget-container\">\n\t\t\t\t\t<h1 class=\"elementor-heading-title elementor-size-default\">Deine Fotos verdienen es zu <span>Strahlen.<\/span><\/h1>\t\t\t\t<\/div>\n\t\t\t\t<\/div>\n\t\t\t\t<div class=\"elementor-element elementor-element-1ef2ba6c elementor-widget elementor-widget-text-editor\" data-id=\"1ef2ba6c\" data-element_type=\"widget\" data-e-type=\"widget\" data-widget_type=\"text-editor.default\">\n\t\t\t\t<div class=\"elementor-widget-container\">\n\t\t\t\t\t\t\t\t\t<p>Bleib auf dem Laufenden zu Radiant Imaging Labs, indem du deine E-Mail-Adresse unten eingibst.<\/p>\n\t\t\t\t\t\t\t\t<\/div>\n\t\t\t\t<\/div>\n\t\t\t\t<div class=\"elementor-element elementor-element-afb9803 elementor-widget elementor-widget-html\" data-id=\"afb9803\" data-element_type=\"widget\" data-e-type=\"widget\" data-widget_type=\"html.default\">\n\t\t\t\t<div class=\"elementor-widget-container\">\n\t\t\t\t\t<div class=\"ff-62eeb425aeb3ce8812ee2484\" data-ff-el=\"root\" data-ff-version=\"3\" data-ff-type=\"inline\" data-ff-name=\"ribbonBanner\">\n  <!--tpl {% block config %} tpl-->\n  <div data-ff-el=\"config\" data-ff-config=\"eyJ0cmlnZ2VyIjp7Im1vZGUiOiJpbW1lZGlhdGVseSIsInZhbHVlIjowfSwib25TdWNjZXNzIjp7Im1vZGUiOiJtZXNzYWdlIiwibWVzc2FnZSI6IiIsInJlZGlyZWN0VXJsIjoiIn0sImNvaSI6dHJ1ZSwic2hvd0ZvclJldHVyblZpc2l0b3JzIjp0cnVlLCJub3RpZmljYXRpb24iOmZhbHNlfQ==\" style=\"display: none\"><\/div>\n  <!--tpl {% endblock %} tpl-->\n  <div class=\"ff-62eeb425aeb3ce8812ee2484__container\">\n    <form class=\"ff-62eeb425aeb3ce8812ee2484__form\" action=\"https:\/\/form.flodesk.com\/forms\/62eeb425aeb3ce8812ee2484\/submit\" method=\"post\" data-ff-el=\"form\">\n        <p>Name *<\/p>\n      <div class=\"ff-62eeb425aeb3ce8812ee2484__content fd-form-content\" data-ff-el=\"content\">\n        <div class=\"ff-62eeb425aeb3ce8812ee2484__fields\" data-ff-el=\"fields\">\n          <!--tpl {% block fields %} tpl-->\n\n          <div class=\"ff-62eeb425aeb3ce8812ee2484__field fd-form-group\" style=\"inline-block; float:left;\">\n            <input class=\"ff-62eeb425aeb3ce8812ee2484__control fd-form-control\" type=\"text\" maxlength=\"255\" name=\"firstName\" data-ff-tab=\"firstName::lastName\" placeholder=\"Vorname\" required=\"\">\n          <\/div>\n\n\n          <div class=\"ff-62eeb425aeb3ce8812ee2484__field fd-form-group\" style=\"inline-block; float:left;  \">\n            <input class=\"ff-62eeb425aeb3ce8812ee2484__control fd-form-control\" type=\"text\" maxlength=\"255\" name=\"lastName\" data-ff-tab=\"lastName:firstName:email\" placeholder=\"Nachname\" required=\"\">\n          <\/div>\n\n\n          <div class=\"ff-62eeb425aeb3ce8812ee2484__field fd-form-group\" style=\"clear:both;  \">\n              <p>Email *<\/p>\n            <input class=\"ff-62eeb425aeb3ce8812ee2484__control fd-form-control\" type=\"text\" maxlength=\"255\" name=\"email\" data-ff-tab=\"email:lastName:submit\" required=\"\">\n            \n          <\/div>\n\n          <input type=\"text\" maxlength=\"255\" name=\"confirm_email_address\" style=\"display: none\">\n          <!--tpl {% endblock %} tpl-->\n        <\/div>\n<span class=\"fyi\">Mit der Anmeldung erkl\u00e4re ich mich damit einverstanden, dass Radiant Imaging Labs mich mit personalisierten E-Mails \u00fcber neue Produkte und L\u00f6sungen auf dem Laufenden halten darf.<\/span>\n        <div class=\"ff-62eeb425aeb3ce8812ee2484__footer\" data-ff-el=\"footer\">\n          <button type=\"submit\" class=\"ff-62eeb425aeb3ce8812ee2484__button fd-btn\" data-ff-el=\"submit\" data-ff-tab=\"submit\">\n            <span>Abonnieren<\/span>\n          <\/button>\n        <\/div>\n      <\/div>\n      \n      <div class=\"ff-62eeb425aeb3ce8812ee2484__error fd-form-error\" data-ff-el=\"error\"><\/div>\n    <\/form>\n  <\/div>\n<\/div>\n<script>\n  (function(w, d, t, h, s, n) {\n    w.FlodeskObject = n;\n    var fn = function() {\n      (w[n].q = w[n].q || []).push(arguments);\n    };\n    w[n] = w[n] || fn;\n    var f = d.getElementsByTagName(t)[0];\n    var v = '?v=' + Math.floor(new Date().getTime() \/ (120 * 1000)) * 60;\n    var sm = d.createElement(t);\n    sm.async = true;\n    sm.type = 'module';\n    sm.src = h + s + '.mjs' + v;\n    f.parentNode.insertBefore(sm, f);\n    var sn = d.createElement(t);\n    sn.async = true;\n    sn.noModule = true;\n    sn.src = h + s + '.js' + v;\n    f.parentNode.insertBefore(sn, f);\n  })(window, document, 'script', 'https:\/\/assets.flodesk.com', '\/universal', 'fd');\n<\/script>\n<script>\n  window.fd('form:handle', {\n    formId: '62eeb425aeb3ce8812ee2484',\n    rootEl: '.ff-62eeb425aeb3ce8812ee2484',\n  });\n<\/script>\t\t\t\t<\/div>\n\t\t\t\t<\/div>\n\t\t\t\t\t<\/div>\n\t\t<\/div>\n\t\t\t\t<div class=\"elementor-column elementor-col-50 elementor-top-column elementor-element elementor-element-3a4219ec\" data-id=\"3a4219ec\" data-element_type=\"column\" data-e-type=\"column\" data-settings=\"{&quot;background_background&quot;:&quot;classic&quot;}\">\n\t\t\t<div class=\"elementor-widget-wrap\">\n\t\t\t\t\t<div class=\"elementor-background-overlay\"><\/div>\n\t\t\t\t\t\t\t<\/div>\n\t\t<\/div>\n\t\t\t\t\t<\/div>\n\t\t<\/section>\n\t\t\t\t<\/div>\n\t\t","protected":false},"excerpt":{"rendered":"<p>Deine Fotos verdienen es zu Strahlen. Bleib auf dem Laufenden zu Radiant Imaging Labs, indem du deine E-Mail-Adresse unten eingibst. Name * Email * Mit der Anmeldung erkl\u00e4re ich mich damit einverstanden, dass Radiant Imaging Labs mich mit personalisierten E-Mails \u00fcber neue Produkte und L\u00f6sungen auf dem Laufenden halten darf. Abonnieren<\/p>\n","protected":false},"author":2,"featured_media":3211,"parent":0,"menu_order":0,"comment_status":"closed","ping_status":"closed","template":"elementor_header_footer","meta":{"_acf_changed":false,"footnotes":""},"class_list":["post-10851","page","type-page","status-publish","has-post-thumbnail","hentry"],"acf":[],"yoast_head":"<!-- This site is optimized with the Yoast SEO plugin v27.3 - https:\/\/yoast.com\/product\/yoast-seo-wordpress\/ -->\n<title>Deine Fotos verdienen es zu Strahlen - Radiant Imaging Labs<\/title>\n<meta name=\"robots\" content=\"index, follow, max-snippet:-1, max-image-preview:large, max-video-preview:-1\" \/>\n<link rel=\"canonical\" href=\"https:\/\/radiantimaginglabs.com\/de\/anmeldung-zum-newsletter\/\" \/>\n<meta property=\"og:locale\" content=\"de_DE\" \/>\n<meta property=\"og:type\" content=\"article\" \/>\n<meta property=\"og:title\" content=\"Deine Fotos verdienen es zu Strahlen - Radiant Imaging Labs\" \/>\n<meta property=\"og:description\" content=\"Deine Fotos verdienen es zu Strahlen. Bleib auf dem Laufenden zu Radiant Imaging Labs, indem du deine E-Mail-Adresse unten eingibst. Name * Email * Mit der Anmeldung erkl\u00e4re ich mich damit einverstanden, dass Radiant Imaging Labs mich mit personalisierten E-Mails \u00fcber neue Produkte und L\u00f6sungen auf dem Laufenden halten darf. Abonnieren\" \/>\n<meta property=\"og:url\" content=\"https:\/\/radiantimaginglabs.com\/de\/anmeldung-zum-newsletter\/\" \/>\n<meta property=\"og:site_name\" content=\"Radiant Imaging Labs\" \/>\n<meta property=\"article:modified_time\" content=\"2023-02-23T13:39:29+00:00\" \/>\n<meta property=\"og:image\" content=\"https:\/\/radiantimaginglabs.com\/wp-content\/uploads\/2022\/07\/radiant-featured-new.jpg\" \/>\n\t<meta property=\"og:image:width\" content=\"2560\" \/>\n\t<meta property=\"og:image:height\" content=\"1440\" \/>\n\t<meta property=\"og:image:type\" content=\"image\/jpeg\" \/>\n<meta name=\"twitter:card\" content=\"summary_large_image\" \/>\n<script type=\"application\/ld+json\" class=\"yoast-schema-graph\">{\"@context\":\"https:\\\/\\\/schema.org\",\"@graph\":[{\"@type\":\"WebPage\",\"@id\":\"https:\\\/\\\/radiantimaginglabs.com\\\/de\\\/anmeldung-zum-newsletter\\\/\",\"url\":\"https:\\\/\\\/radiantimaginglabs.com\\\/de\\\/anmeldung-zum-newsletter\\\/\",\"name\":\"Deine Fotos verdienen es zu Strahlen - Radiant Imaging Labs\",\"isPartOf\":{\"@id\":\"https:\\\/\\\/radiantimaginglabs.com\\\/de\\\/#website\"},\"primaryImageOfPage\":{\"@id\":\"https:\\\/\\\/radiantimaginglabs.com\\\/de\\\/anmeldung-zum-newsletter\\\/#primaryimage\"},\"image\":{\"@id\":\"https:\\\/\\\/radiantimaginglabs.com\\\/de\\\/anmeldung-zum-newsletter\\\/#primaryimage\"},\"thumbnailUrl\":\"https:\\\/\\\/radiantimaginglabs.com\\\/wp-content\\\/uploads\\\/2022\\\/07\\\/radiant-featured-new.jpg\",\"datePublished\":\"2022-06-08T02:38:22+00:00\",\"dateModified\":\"2023-02-23T13:39:29+00:00\",\"breadcrumb\":{\"@id\":\"https:\\\/\\\/radiantimaginglabs.com\\\/de\\\/anmeldung-zum-newsletter\\\/#breadcrumb\"},\"inLanguage\":\"de-DE\",\"potentialAction\":[{\"@type\":\"ReadAction\",\"target\":[\"https:\\\/\\\/radiantimaginglabs.com\\\/de\\\/anmeldung-zum-newsletter\\\/\"]}]},{\"@type\":\"ImageObject\",\"inLanguage\":\"de-DE\",\"@id\":\"https:\\\/\\\/radiantimaginglabs.com\\\/de\\\/anmeldung-zum-newsletter\\\/#primaryimage\",\"url\":\"https:\\\/\\\/radiantimaginglabs.com\\\/wp-content\\\/uploads\\\/2022\\\/07\\\/radiant-featured-new.jpg\",\"contentUrl\":\"https:\\\/\\\/radiantimaginglabs.com\\\/wp-content\\\/uploads\\\/2022\\\/07\\\/radiant-featured-new.jpg\",\"width\":2560,\"height\":1440},{\"@type\":\"BreadcrumbList\",\"@id\":\"https:\\\/\\\/radiantimaginglabs.com\\\/de\\\/anmeldung-zum-newsletter\\\/#breadcrumb\",\"itemListElement\":[{\"@type\":\"ListItem\",\"position\":1,\"name\":\"Home\",\"item\":\"https:\\\/\\\/radiantimaginglabs.com\\\/de\\\/\"},{\"@type\":\"ListItem\",\"position\":2,\"name\":\"Anmeldung zum Newsletter\"}]},{\"@type\":\"WebSite\",\"@id\":\"https:\\\/\\\/radiantimaginglabs.com\\\/de\\\/#website\",\"url\":\"https:\\\/\\\/radiantimaginglabs.com\\\/de\\\/\",\"name\":\"Radiant Imaging Labs\",\"description\":\"Your photos deserve to be radiant.\",\"publisher\":{\"@id\":\"https:\\\/\\\/radiantimaginglabs.com\\\/de\\\/#organization\"},\"potentialAction\":[{\"@type\":\"SearchAction\",\"target\":{\"@type\":\"EntryPoint\",\"urlTemplate\":\"https:\\\/\\\/radiantimaginglabs.com\\\/de\\\/?s={search_term_string}\"},\"query-input\":{\"@type\":\"PropertyValueSpecification\",\"valueRequired\":true,\"valueName\":\"search_term_string\"}}],\"inLanguage\":\"de-DE\"},{\"@type\":\"Organization\",\"@id\":\"https:\\\/\\\/radiantimaginglabs.com\\\/de\\\/#organization\",\"name\":\"Radiant Imaging Labs\",\"url\":\"https:\\\/\\\/radiantimaginglabs.com\\\/de\\\/\",\"logo\":{\"@type\":\"ImageObject\",\"inLanguage\":\"de-DE\",\"@id\":\"https:\\\/\\\/radiantimaginglabs.com\\\/de\\\/#\\\/schema\\\/logo\\\/image\\\/\",\"url\":\"https:\\\/\\\/radiantimaginglabs.com\\\/wp-content\\\/uploads\\\/2022\\\/06\\\/RadiantLogo-shadow-new.png\",\"contentUrl\":\"https:\\\/\\\/radiantimaginglabs.com\\\/wp-content\\\/uploads\\\/2022\\\/06\\\/RadiantLogo-shadow-new.png\",\"width\":1024,\"height\":1024,\"caption\":\"Radiant Imaging Labs\"},\"image\":{\"@id\":\"https:\\\/\\\/radiantimaginglabs.com\\\/de\\\/#\\\/schema\\\/logo\\\/image\\\/\"}}]}<\/script>\n<!-- \/ Yoast SEO plugin. -->","yoast_head_json":{"title":"Deine Fotos verdienen es zu Strahlen - Radiant Imaging Labs","robots":{"index":"index","follow":"follow","max-snippet":"max-snippet:-1","max-image-preview":"max-image-preview:large","max-video-preview":"max-video-preview:-1"},"canonical":"https:\/\/radiantimaginglabs.com\/de\/anmeldung-zum-newsletter\/","og_locale":"de_DE","og_type":"article","og_title":"Deine Fotos verdienen es zu Strahlen - Radiant Imaging Labs","og_description":"Deine Fotos verdienen es zu Strahlen. Bleib auf dem Laufenden zu Radiant Imaging Labs, indem du deine E-Mail-Adresse unten eingibst. Name * Email * Mit der Anmeldung erkl\u00e4re ich mich damit einverstanden, dass Radiant Imaging Labs mich mit personalisierten E-Mails \u00fcber neue Produkte und L\u00f6sungen auf dem Laufenden halten darf. Abonnieren","og_url":"https:\/\/radiantimaginglabs.com\/de\/anmeldung-zum-newsletter\/","og_site_name":"Radiant Imaging Labs","article_modified_time":"2023-02-23T13:39:29+00:00","og_image":[{"width":2560,"height":1440,"url":"https:\/\/radiantimaginglabs.com\/wp-content\/uploads\/2022\/07\/radiant-featured-new.jpg","type":"image\/jpeg"}],"twitter_card":"summary_large_image","schema":{"@context":"https:\/\/schema.org","@graph":[{"@type":"WebPage","@id":"https:\/\/radiantimaginglabs.com\/de\/anmeldung-zum-newsletter\/","url":"https:\/\/radiantimaginglabs.com\/de\/anmeldung-zum-newsletter\/","name":"Deine Fotos verdienen es zu Strahlen - Radiant Imaging Labs","isPartOf":{"@id":"https:\/\/radiantimaginglabs.com\/de\/#website"},"primaryImageOfPage":{"@id":"https:\/\/radiantimaginglabs.com\/de\/anmeldung-zum-newsletter\/#primaryimage"},"image":{"@id":"https:\/\/radiantimaginglabs.com\/de\/anmeldung-zum-newsletter\/#primaryimage"},"thumbnailUrl":"https:\/\/radiantimaginglabs.com\/wp-content\/uploads\/2022\/07\/radiant-featured-new.jpg","datePublished":"2022-06-08T02:38:22+00:00","dateModified":"2023-02-23T13:39:29+00:00","breadcrumb":{"@id":"https:\/\/radiantimaginglabs.com\/de\/anmeldung-zum-newsletter\/#breadcrumb"},"inLanguage":"de-DE","potentialAction":[{"@type":"ReadAction","target":["https:\/\/radiantimaginglabs.com\/de\/anmeldung-zum-newsletter\/"]}]},{"@type":"ImageObject","inLanguage":"de-DE","@id":"https:\/\/radiantimaginglabs.com\/de\/anmeldung-zum-newsletter\/#primaryimage","url":"https:\/\/radiantimaginglabs.com\/wp-content\/uploads\/2022\/07\/radiant-featured-new.jpg","contentUrl":"https:\/\/radiantimaginglabs.com\/wp-content\/uploads\/2022\/07\/radiant-featured-new.jpg","width":2560,"height":1440},{"@type":"BreadcrumbList","@id":"https:\/\/radiantimaginglabs.com\/de\/anmeldung-zum-newsletter\/#breadcrumb","itemListElement":[{"@type":"ListItem","position":1,"name":"Home","item":"https:\/\/radiantimaginglabs.com\/de\/"},{"@type":"ListItem","position":2,"name":"Anmeldung zum Newsletter"}]},{"@type":"WebSite","@id":"https:\/\/radiantimaginglabs.com\/de\/#website","url":"https:\/\/radiantimaginglabs.com\/de\/","name":"Radiant Imaging Labs","description":"Your photos deserve to be radiant.","publisher":{"@id":"https:\/\/radiantimaginglabs.com\/de\/#organization"},"potentialAction":[{"@type":"SearchAction","target":{"@type":"EntryPoint","urlTemplate":"https:\/\/radiantimaginglabs.com\/de\/?s={search_term_string}"},"query-input":{"@type":"PropertyValueSpecification","valueRequired":true,"valueName":"search_term_string"}}],"inLanguage":"de-DE"},{"@type":"Organization","@id":"https:\/\/radiantimaginglabs.com\/de\/#organization","name":"Radiant Imaging Labs","url":"https:\/\/radiantimaginglabs.com\/de\/","logo":{"@type":"ImageObject","inLanguage":"de-DE","@id":"https:\/\/radiantimaginglabs.com\/de\/#\/schema\/logo\/image\/","url":"https:\/\/radiantimaginglabs.com\/wp-content\/uploads\/2022\/06\/RadiantLogo-shadow-new.png","contentUrl":"https:\/\/radiantimaginglabs.com\/wp-content\/uploads\/2022\/06\/RadiantLogo-shadow-new.png","width":1024,"height":1024,"caption":"Radiant Imaging Labs"},"image":{"@id":"https:\/\/radiantimaginglabs.com\/de\/#\/schema\/logo\/image\/"}}]}},"_links":{"self":[{"href":"https:\/\/radiantimaginglabs.com\/de\/wp-json\/wp\/v2\/pages\/10851","targetHints":{"allow":["GET"]}}],"collection":[{"href":"https:\/\/radiantimaginglabs.com\/de\/wp-json\/wp\/v2\/pages"}],"about":[{"href":"https:\/\/radiantimaginglabs.com\/de\/wp-json\/wp\/v2\/types\/page"}],"author":[{"embeddable":true,"href":"https:\/\/radiantimaginglabs.com\/de\/wp-json\/wp\/v2\/users\/2"}],"replies":[{"embeddable":true,"href":"https:\/\/radiantimaginglabs.com\/de\/wp-json\/wp\/v2\/comments?post=10851"}],"version-history":[{"count":0,"href":"https:\/\/radiantimaginglabs.com\/de\/wp-json\/wp\/v2\/pages\/10851\/revisions"}],"wp:featuredmedia":[{"embeddable":true,"href":"https:\/\/radiantimaginglabs.com\/de\/wp-json\/wp\/v2\/media\/3211"}],"wp:attachment":[{"href":"https:\/\/radiantimaginglabs.com\/de\/wp-json\/wp\/v2\/media?parent=10851"}],"curies":[{"name":"wp","href":"https:\/\/api.w.org\/{rel}","templated":true}]}}